{"id":345,"date":"2023-12-03T13:09:10","date_gmt":"2023-12-03T12:09:10","guid":{"rendered":"https:\/\/www.volvendo.net\/?page_id=345"},"modified":"2023-12-03T17:44:06","modified_gmt":"2023-12-03T16:44:06","slug":"cookies","status":"publish","type":"page","link":"https:\/\/www.volvendo.net\/index.php\/cookies\/","title":{"rendered":"Cookies"},"content":{"rendered":"<p>[et_pb_section fb_built=&#8221;1&#8243; admin_label=&#8221;section&#8221; _builder_version=&#8221;4.16&#8243; global_colors_info=&#8221;{}&#8221;][et_pb_row disabled_on=&#8221;off|off|off&#8221; admin_label=&#8221;row&#8221; _builder_version=&#8221;4.16&#8243; background_size=&#8221;initial&#8221; background_position=&#8221;top_left&#8221; background_repeat=&#8221;repeat&#8221; module_alignment=&#8221;center&#8221; global_colors_info=&#8221;{}&#8221;][et_pb_column type=&#8221;4_4&#8243; _builder_version=&#8221;4.16&#8243; custom_padding=&#8221;|||&#8221; global_colors_info=&#8221;{}&#8221; custom_padding__hover=&#8221;|||&#8221;][et_pb_text admin_label=&#8221;Text&#8221; _builder_version=&#8221;4.23.1&#8243; background_size=&#8221;initial&#8221; background_position=&#8221;top_left&#8221; background_repeat=&#8221;repeat&#8221; hover_enabled=&#8221;0&#8243; global_colors_info=&#8221;{}&#8221; header_font=&#8221;DIN alternate Bold||||||||&#8221; sticky_enabled=&#8221;0&#8243; background_color=&#8221;#ffffff&#8221;]<\/p>\n<div class=\"cli_pg_page_contaner\">\n<div id=\"main-content\">\n<article id=\"post-265\" class=\"post-265 page type-page status-publish hentry\">\n<div class=\"entry-content\">\n<div id=\"et-boc\" class=\"et-boc\">\n<div class=\"et-l et-l--post\">\n<div class=\"et_builder_inner_content et_pb_gutters3\">\n<div class=\"et_pb_section et_pb_section_0 et_section_regular\">\n<div class=\"et_pb_row et_pb_row_0\">\n<div class=\"et_pb_column et_pb_column_4_4 et_pb_column_0  et_pb_css_mix_blend_mode_passthrough et-last-child\">\n<div class=\"et_pb_module et_pb_text et_pb_text_0  et_pb_text_align_left et_pb_bg_layout_light\">\n<div class=\"et_pb_text_inner\">\n<h1><b>POL\u00edTICA DE COOKIES<\/b><\/h1>\n<p><b>\u00bfQu\u00e9 son las cookies?<\/b><\/p>\n<p>Cookie es un fichero que se descarga en su ordenador al acceder a determinadas p\u00e1ginas web. Las cookies permiten a una p\u00e1gina web, entre otras cosas, almacenar y recuperar informaci\u00f3n sobre los h\u00e1bitos de navegaci\u00f3n de un usuario o de su equipo y, dependiendo de la informaci\u00f3n que contengan y de la forma en que utilice su equipo, pueden utilizarse para reconocer al usuario.<\/p>\n<p>El navegador del usuario memoriza cookies en el disco duro solamente durante la sesi\u00f3n actual ocupando un espacio de memoria m\u00ednimo y no perjudicando al ordenador. Las cookies no contienen ninguna clase de informaci\u00f3n personal espec\u00edfica, y la mayor\u00eda de las mismas se borran del disco duro al finalizar la sesi\u00f3n de navegador (las denominadas cookies de sesi\u00f3n).<\/p>\n<p>La mayor\u00eda de los navegadores aceptan como est\u00e1ndar a las cookies y, con independencia de las mismas, permiten o impiden en los ajustes de seguridad las cookies temporales o memorizadas.<\/p>\n<p>Sin tu expreso consentimiento \u2013mediante la activaci\u00f3n de las cookies en su navegador\u2013 la web no enlazar\u00e1 en las cookies los datos memorizados con sus datos personales proporcionados en el momento del registro o la compra.<\/p>\n<p><b>\u00bfQu\u00e9 tipos de cookies utiliza esta p\u00e1gina web?<\/b><\/p>\n<p><b>Cookies de sesi\u00f3n:<\/b>\u00a0son cookies temporales que permanecen en el archivo de cookies de su navegador hasta que abandone la p\u00e1gina web, por lo que ninguna queda registrada en el disco duro del usuario. La informaci\u00f3n obtenida por medio de estas cookies, sirven para analizar pautas de tr\u00e1fico en la web. A la larga, esto nos permite proporcionar una mejor experiencia para mejorar el contenido y facilitando su uso.<\/p>\n<p><b>Cookies permanentes:<\/b>\u00a0son almacenadas en el disco duro y nuestra web las lee cada vez que usted realiza una nueva visita. Una web permanente posee una fecha de expiraci\u00f3n determinada. La cookie dejar\u00e1 de funcionar despu\u00e9s de esa fecha. Las utilizamos, generalmente, para facilitar los servicios de compra y registro.<\/p>\n<p><b>Cookies propias:<\/b>\u00a0Son cookies creadas por este sitio web y que solo puede leer el propio sitio. Por ejemplo: cookies t\u00e9cnicas para la carga de im\u00e1genes, cookies de personalizaci\u00f3n de par\u00e1metros de la web, cookies de an\u00e1lisis de tr\u00e1fico, etc.<\/p>\n<p><b>Cookies de terceros:<\/b>\u00a0Son cookies creadas por terceros y que utilizamos para diferentes servicios (por ej. An\u00e1lisis del sitio web o publicidad, de redes sociales,\u2026)<\/p>\n<p>Seg\u00fan su finalidad:<\/p>\n<p><b>Cookies t\u00e9cnicas:<\/b>\u00a0Las cookies t\u00e9cnicas son aquellas imprescindibles y estrictamente necesarias para el correcto funcionamiento de una Web y la utilizaci\u00f3n de las diferentes opciones y servicios que ofrece. Por ejemplo, las que sirven para el mantenimiento de la sesi\u00f3n, la gesti\u00f3n del tiempo de respuesta, rendimiento o validaci\u00f3n de opciones, utilizar elementos de seguridad, compartir contenido con redes sociales, etc.<\/p>\n<p><b>Cookies de personalizaci\u00f3n:<\/b>\u00a0Estas cookies permiten al usuario especificar o personalizar algunas caracter\u00edsticas de las opciones generales de la Web, Por ejemplo, definir el idioma, configuraci\u00f3n regional o tipo de navegador.<\/p>\n<p><b>Cookies anal\u00edticas:<\/b>\u00a0Las cookies anal\u00edticas son las utilizadas por la Web, para elaborar perfiles de navegaci\u00f3n y poder conocer tus preferencias con el fin de mejorar la oferta de productos y servicios. Por ejemplo, mediante una cookie anal\u00edtica se controlar\u00edan las \u00e1reas geogr\u00e1ficas de mayor inter\u00e9s de un usuario, cu\u00e1l es el producto de m\u00e1s aceptaci\u00f3n, etc.<\/p>\n<p><b>Cookies publicitarias:<\/b>\u00a0Las cookies publicitarias permiten la gesti\u00f3n de los espacios publicitarios en base a criterios concretos. Por ejemplo la frecuencia de acceso, el contenido editado, etc. Las cookies de publicidad permiten a trav\u00e9s de la gesti\u00f3n de la publicidad almacenar informaci\u00f3n del comportamiento a trav\u00e9s de la observaci\u00f3n de h\u00e1bitos, estudiando los accesos y formando un perfil de preferencias del usuario, para ofrecerle publicidad relacionada con los intereses de su perfil.<\/p>\n<p>Las cookies de esta web ayudan a:<\/p>\n<ul>\n<li>Hacer que esta web funcione correctamente.<\/li>\n<li>Permitirte visualizar v\u00eddeos\/Audios<\/li>\n<li>Mejorar la velocidad\/seguridad de la web<\/li>\n<li>Que puedas compartir el contenido en las redes sociales<\/li>\n<li>Mejorar continuamente esta web<\/li>\n<\/ul>\n<p>No utilizar\u00e9 jam\u00e1s cookies para:<\/p>\n<ul>\n<li>Recoger informaci\u00f3n de identificaci\u00f3n personal (sin tu consentimiento expreso)<\/li>\n<li>Recoger informaci\u00f3n sensible (sin tu permiso expreso)<\/li>\n<li>Compartir datos de identificaci\u00f3n personal a terceros.<\/li>\n<\/ul>\n<p><b>Cookies de terceros utilizadas en esta web<\/b><\/p>\n<p>En particular, este sitio Web utiliza:<\/p>\n<ul>\n<li>Facebook.com<\/li>\n<li>Instagram.com<\/li>\n<li>Twitter.com<\/li>\n<li>Soundcloud.com<\/li>\n<li>Spotify.com<\/li>\n<li>Tiktok.com<\/li>\n<li>Youtube.com<\/li>\n<li>MailerLite.com<\/li>\n<li>WordPress.com<\/li>\n<\/ul>\n<table>\n<tbody>\n<tr>\n<td>NOMBRE<\/td>\n<td>DURACI\u00d3N PREDETERMINADA<\/td>\n<td>FINALIDAD Y DOMINIO<\/td>\n<\/tr>\n<tr>\n<td>__ut__utma, __utmb, __utmc, __utmz<\/td>\n<td>2 a\u00f1os a partir de la configuraci\u00f3n o actualizaci\u00f3n<\/td>\n<td>Google Analytics ,Permite analizar el tr\u00e1fico de la web y obtener estad\u00edsticas de navegaci\u00f3n.\u00a0<a href=\"http:\/\/www.google.com\/analytics\/\">M\u00e1s informaci\u00f3n<\/a>.<\/td>\n<\/tr>\n<tr>\n<td>Cookie: __qca<\/td>\n<td>2 a\u00f1os a partir de la configuraci\u00f3n o actualizaci\u00f3n<\/td>\n<td>WordPress: Permite analizar el tr\u00e1fico de la web\u00a0 y a todos sus usuarios le instala inevitablemente una cookie de estad\u00edsticas que rastrea y almacena su IP en una empresa estadounidense (Automaticc) a trav\u00e9s de un tercero (Quantcast) la suya es una cookie generalmente asociada a Quantcast, Proporcionan el ranking de sitios web, y los datos que recogen tambi\u00e9n se utiliza para la segmentaci\u00f3n de la audiencia.<\/td>\n<\/tr>\n<tr>\n<td>wordpress_test_cookie<\/td>\n<td>Caduca al finalizar la sesi\u00f3n.<\/td>\n<td>Se usa para que el gestor de contenidos WordPress compruebe si el navegador tiene las cookies activadas. Es una cookie de tercero: WordPress.\u00a0<a href=\"http:\/\/automattic.com\/privacy\/\">M\u00e1s informaci\u00f3n<\/a>.<\/td>\n<\/tr>\n<\/tbody>\n<\/table>\n<p><b>Desactivar las cookies<\/b><\/p>\n<p>Puedes permitir, bloquear o eliminar las cookies instaladas en su equipo mediante la configuraci\u00f3n de las opciones del navegador instalado en su ordenador.<\/p>\n<p>A continuaci\u00f3n puedes acceder a la configuraci\u00f3n de los navegadores webs m\u00e1s frecuentes para aceptar, instalar o desactivar las cookies:<\/p>\n<ul>\n<li><a href=\"http:\/\/support.google.com\/chrome\/bin\/answer.py?hl=es&amp;answer=95647\">Chrome<\/a><\/li>\n<li><a href=\"http:\/\/windows.microsoft.com\/es-es\/windows7\/how-to-manage-cookies-in-internet-explorer-9\">Explorer<\/a><\/li>\n<li><a href=\"http:\/\/support.mozilla.org\/es\/kb\/habilitar-y-deshabilitar-cookies-que-los-sitios-we\">Firefox<\/a><\/li>\n<li><a href=\"http:\/\/support.apple.com\/kb\/ph5042\">Safari<\/a><\/li>\n<\/ul>\n<p>Al desactivar a eliminar las cookies, parte de la web no funcionar\u00e1 o la calidad de la p\u00e1gina puede verse afectada.<\/p>\n<p>\u00daltima revisi\u00f3n el 3\/12\/2023[\/et_pb_text][\/et_pb_column][\/et_pb_row][\/et_pb_section]<\/p>\n","protected":false},"excerpt":{"rendered":"<p>POL\u00edTICA DE COOKIES \u00bfQu\u00e9 son las cookies? Cookie es un fichero que se descarga en su ordenador al acceder a determinadas p\u00e1ginas web. Las cookies permiten a una p\u00e1gina web, entre otras cosas, almacenar y recuperar informaci\u00f3n sobre los h\u00e1bitos de navegaci\u00f3n de un usuario o de su equipo y, dependiendo de la informaci\u00f3n que [&hellip;]<\/p>\n","protected":false},"author":3,"featured_media":0,"parent":0,"menu_order":0,"comment_status":"closed","ping_status":"closed","template":"","meta":{"_et_pb_use_builder":"on","_et_pb_old_content":"","_et_gb_content_width":"","footnotes":""},"class_list":["post-345","page","type-page","status-publish","hentry"],"yoast_head":"<!-- This site is optimized with the Yoast SEO plugin v27.5 - https:\/\/yoast.com\/product\/yoast-seo-wordpress\/ -->\n<title>Cookies - VOLVENDO.NET<\/title>\n<meta name=\"robots\" content=\"index, follow, max-snippet:-1, max-image-preview:large, max-video-preview:-1\" \/>\n<link rel=\"canonical\" href=\"https:\/\/www.volvendo.net\/index.php\/cookies\/\" \/>\n<meta property=\"og:locale\" content=\"en_US\" \/>\n<meta property=\"og:type\" content=\"article\" \/>\n<meta property=\"og:title\" content=\"Cookies - VOLVENDO.NET\" \/>\n<meta property=\"og:description\" content=\"POL\u00edTICA DE COOKIES \u00bfQu\u00e9 son las cookies? Cookie es un fichero que se descarga en su ordenador al acceder a determinadas p\u00e1ginas web. Las cookies permiten a una p\u00e1gina web, entre otras cosas, almacenar y recuperar informaci\u00f3n sobre los h\u00e1bitos de navegaci\u00f3n de un usuario o de su equipo y, dependiendo de la informaci\u00f3n que [&hellip;]\" \/>\n<meta property=\"og:url\" content=\"https:\/\/www.volvendo.net\/index.php\/cookies\/\" \/>\n<meta property=\"og:site_name\" content=\"VOLVENDO.NET\" \/>\n<meta property=\"article:modified_time\" content=\"2023-12-03T16:44:06+00:00\" \/>\n<meta name=\"twitter:card\" content=\"summary_large_image\" \/>\n<script type=\"application\/ld+json\" class=\"yoast-schema-graph\">{\"@context\":\"https:\\\/\\\/schema.org\",\"@graph\":[{\"@type\":\"WebPage\",\"@id\":\"https:\\\/\\\/www.volvendo.net\\\/index.php\\\/cookies\\\/\",\"url\":\"https:\\\/\\\/www.volvendo.net\\\/index.php\\\/cookies\\\/\",\"name\":\"Cookies - VOLVENDO.NET\",\"isPartOf\":{\"@id\":\"https:\\\/\\\/www.volvendo.net\\\/#website\"},\"datePublished\":\"2023-12-03T12:09:10+00:00\",\"dateModified\":\"2023-12-03T16:44:06+00:00\",\"breadcrumb\":{\"@id\":\"https:\\\/\\\/www.volvendo.net\\\/index.php\\\/cookies\\\/#breadcrumb\"},\"inLanguage\":\"en-US\",\"potentialAction\":[{\"@type\":\"ReadAction\",\"target\":[\"https:\\\/\\\/www.volvendo.net\\\/index.php\\\/cookies\\\/\"]}]},{\"@type\":\"BreadcrumbList\",\"@id\":\"https:\\\/\\\/www.volvendo.net\\\/index.php\\\/cookies\\\/#breadcrumb\",\"itemListElement\":[{\"@type\":\"ListItem\",\"position\":1,\"name\":\"Portada\",\"item\":\"https:\\\/\\\/www.volvendo.net\\\/\"},{\"@type\":\"ListItem\",\"position\":2,\"name\":\"Cookies\"}]},{\"@type\":\"WebSite\",\"@id\":\"https:\\\/\\\/www.volvendo.net\\\/#website\",\"url\":\"https:\\\/\\\/www.volvendo.net\\\/\",\"name\":\"VOLVENDO.NET\",\"description\":\"\",\"potentialAction\":[{\"@type\":\"SearchAction\",\"target\":{\"@type\":\"EntryPoint\",\"urlTemplate\":\"https:\\\/\\\/www.volvendo.net\\\/?s={search_term_string}\"},\"query-input\":{\"@type\":\"PropertyValueSpecification\",\"valueRequired\":true,\"valueName\":\"search_term_string\"}}],\"inLanguage\":\"en-US\"}]}<\/script>\n<!-- \/ Yoast SEO plugin. -->","yoast_head_json":{"title":"Cookies - VOLVENDO.NET","robots":{"index":"index","follow":"follow","max-snippet":"max-snippet:-1","max-image-preview":"max-image-preview:large","max-video-preview":"max-video-preview:-1"},"canonical":"https:\/\/www.volvendo.net\/index.php\/cookies\/","og_locale":"en_US","og_type":"article","og_title":"Cookies - VOLVENDO.NET","og_description":"POL\u00edTICA DE COOKIES \u00bfQu\u00e9 son las cookies? Cookie es un fichero que se descarga en su ordenador al acceder a determinadas p\u00e1ginas web. Las cookies permiten a una p\u00e1gina web, entre otras cosas, almacenar y recuperar informaci\u00f3n sobre los h\u00e1bitos de navegaci\u00f3n de un usuario o de su equipo y, dependiendo de la informaci\u00f3n que [&hellip;]","og_url":"https:\/\/www.volvendo.net\/index.php\/cookies\/","og_site_name":"VOLVENDO.NET","article_modified_time":"2023-12-03T16:44:06+00:00","twitter_card":"summary_large_image","schema":{"@context":"https:\/\/schema.org","@graph":[{"@type":"WebPage","@id":"https:\/\/www.volvendo.net\/index.php\/cookies\/","url":"https:\/\/www.volvendo.net\/index.php\/cookies\/","name":"Cookies - VOLVENDO.NET","isPartOf":{"@id":"https:\/\/www.volvendo.net\/#website"},"datePublished":"2023-12-03T12:09:10+00:00","dateModified":"2023-12-03T16:44:06+00:00","breadcrumb":{"@id":"https:\/\/www.volvendo.net\/index.php\/cookies\/#breadcrumb"},"inLanguage":"en-US","potentialAction":[{"@type":"ReadAction","target":["https:\/\/www.volvendo.net\/index.php\/cookies\/"]}]},{"@type":"BreadcrumbList","@id":"https:\/\/www.volvendo.net\/index.php\/cookies\/#breadcrumb","itemListElement":[{"@type":"ListItem","position":1,"name":"Portada","item":"https:\/\/www.volvendo.net\/"},{"@type":"ListItem","position":2,"name":"Cookies"}]},{"@type":"WebSite","@id":"https:\/\/www.volvendo.net\/#website","url":"https:\/\/www.volvendo.net\/","name":"VOLVENDO.NET","description":"","potentialAction":[{"@type":"SearchAction","target":{"@type":"EntryPoint","urlTemplate":"https:\/\/www.volvendo.net\/?s={search_term_string}"},"query-input":{"@type":"PropertyValueSpecification","valueRequired":true,"valueName":"search_term_string"}}],"inLanguage":"en-US"}]}},"_links":{"self":[{"href":"https:\/\/www.volvendo.net\/index.php\/wp-json\/wp\/v2\/pages\/345","targetHints":{"allow":["GET"]}}],"collection":[{"href":"https:\/\/www.volvendo.net\/index.php\/wp-json\/wp\/v2\/pages"}],"about":[{"href":"https:\/\/www.volvendo.net\/index.php\/wp-json\/wp\/v2\/types\/page"}],"author":[{"embeddable":true,"href":"https:\/\/www.volvendo.net\/index.php\/wp-json\/wp\/v2\/users\/3"}],"replies":[{"embeddable":true,"href":"https:\/\/www.volvendo.net\/index.php\/wp-json\/wp\/v2\/comments?post=345"}],"version-history":[{"count":7,"href":"https:\/\/www.volvendo.net\/index.php\/wp-json\/wp\/v2\/pages\/345\/revisions"}],"predecessor-version":[{"id":479,"href":"https:\/\/www.volvendo.net\/index.php\/wp-json\/wp\/v2\/pages\/345\/revisions\/479"}],"wp:attachment":[{"href":"https:\/\/www.volvendo.net\/index.php\/wp-json\/wp\/v2\/media?parent=345"}],"curies":[{"name":"wp","href":"https:\/\/api.w.org\/{rel}","templated":true}]}}