{"id":89,"date":"2023-12-03T13:16:17","date_gmt":"2023-12-03T12:16:17","guid":{"rendered":"https:\/\/www.volvendo.net\/?page_id=89"},"modified":"2024-04-18T18:34:19","modified_gmt":"2024-04-18T16:34:19","slug":"politica-de-privacidad","status":"publish","type":"page","link":"https:\/\/www.volvendo.net\/index.php\/politica-de-privacidad\/","title":{"rendered":"Pol\u00edtica de Privacidad"},"content":{"rendered":"<p>[et_pb_section fb_built=&#8221;1&#8243; _builder_version=&#8221;4.23.1&#8243; _module_preset=&#8221;default&#8221; global_colors_info=&#8221;{}&#8221;][et_pb_row _builder_version=&#8221;4.23.1&#8243; _module_preset=&#8221;default&#8221; global_colors_info=&#8221;{}&#8221;][et_pb_column type=&#8221;4_4&#8243; _builder_version=&#8221;4.23.1&#8243; _module_preset=&#8221;default&#8221; global_colors_info=&#8221;{}&#8221;][et_pb_text _builder_version=&#8221;4.24.2&#8243; _module_preset=&#8221;default&#8221; header_font=&#8221;DIN alternate Bold||||||||&#8221; hover_enabled=&#8221;0&#8243; global_colors_info=&#8221;{}&#8221; admin_label=&#8221;Text&#8221; sticky_enabled=&#8221;0&#8243;]<\/p>\n<div id=\"main-content\">\n<article id=\"post-385\" class=\"post-385 page type-page status-publish hentry\">\n<div class=\"entry-content\">\n<div class=\"et-l et-l--post\">\n<div class=\"et_builder_inner_content et_pb_gutters3\">\n<div class=\"et_pb_section et_pb_section_0 et_section_regular\">\n<div class=\"et_pb_row et_pb_row_0\">\n<div class=\"et_pb_column et_pb_column_4_4 et_pb_column_0  et_pb_css_mix_blend_mode_passthrough et-last-child\">\n<div class=\"et_pb_module et_pb_text et_pb_text_0  et_pb_text_align_left et_pb_bg_layout_light\">\n<div class=\"et_pb_text_inner\">\n<h1><b>P<\/b><b>OL\u00cdTICA DE PRIVACIDAD<\/b><\/h1>\n<p>Esta web cumple el Reglamento (UE) 2016\/679 del Parlamento Europeo y del Consejo, de 27 de abril de 2016, relativo a la protecci\u00f3n de las personas f\u00edsicas en lo que respecta al tratamiento de datos personales y a la libre circulaci\u00f3n de estos datos y por el que se deroga la Directiva 95\/46\/CE (En adelante, RGPD) y la Ley Org\u00e1nica 3\/2018, de 5 de diciembre, de Protecci\u00f3n de datos Personales y garant\u00eda de los derechos digitales.<\/p>\n<p>En todo momento se adoptan las medidas t\u00e9cnicas y de organizaci\u00f3n necesarias para garantizar la seguridad e integridad de los datos de car\u00e1cter personal que trate, as\u00ed como para evitar su p\u00e9rdida, alteraci\u00f3n y\/o acceso por parte de terceros no autorizados.<\/p>\n<p>&nbsp;<\/p>\n<p><b>Responsable de la web<\/b>\u00a0\u00a0<\/p>\n<ul>\n<li>Identidad del responsable: ILARIA TREZZA<\/li>\n<li>Correo electr\u00f3nico: <a href=\"mailto:news1@volvendo.net\" target=\"_blank\" rel=\"noopener\">news1@volvendo.net<\/a>\u00a0<\/li>\n<li>Actividad social: Creaci\u00f3n y difusi\u00f3n de contenido sin \u00e1nimo de lucro.<\/li>\n<\/ul>\n<p>&nbsp;<\/p>\n<p><b>Principios que aplicar\u00e9 a tu informaci\u00f3n personal<\/b><\/p>\n<p>En el tratamiento de tus datos personales, aplicar\u00e9 los siguientes principios que se ajustan a las exigencias del nuevo reglamento europeo de protecci\u00f3n de datos:<\/p>\n<ul>\n<li><b>Principio de licitud, lealtad y transparencia:<\/b>\u00a0Siempre voy a requerir tu consentimiento para el tratamiento de tus datos personales para uno o varios fines espec\u00edficos que te informar\u00e9 previamente con absoluta transparencia.<\/li>\n<li><b>Principio de minimizaci\u00f3n de datos:<\/b>\u00a0Solo voy a solicitar datos estrictamente necesarios en relaci\u00f3n con los fines para los que los requiero. Los m\u00ednimos posibles.<\/li>\n<li><b>Principio de limitaci\u00f3n del plazo de conservaci\u00f3n:<\/b>\u00a0los datos ser\u00e1n mantenidos durante no m\u00e1s tiempo del necesario para los fines del tratamiento, en funci\u00f3n a la finalidad, te informar\u00e9 del plazo de conservaci\u00f3n correspondiente, en el caso de suscripciones, peri\u00f3dicamente revisar\u00e9 mis listas y eliminar\u00e9 aquellos registros inactivos durante un tiempo considerable.<\/li>\n<li><b>Principio de integridad y confidencialidad:<\/b>\u00a0Tus datos ser\u00e1n tratados de tal manera que se garantice una seguridad adecuada de los datos personales y se garantice confidencialidad. Debes saber que tomo todas las precauciones necesarias para evitar el acceso no autorizado o uso indebido de los datos de mis usuarios por parte de terceros.<\/li>\n<\/ul>\n<p>&nbsp;<\/p>\n<p>\u00a0<b>C\u00f3mo se obtienen los datos y base del consentimiento<\/b><\/p>\n<p>\u00a0Como usuario, mediante la marcaci\u00f3n de la casilla, aceptas expresamente y de forma libre e inequ\u00edvoca que sus datos personales sean tratados por mi parte, Ilaria Trezza, para realizar las siguientes finalidades:<\/p>\n<ul>\n<li>\u00a0Remitir el bolet\u00edn de noticias de la web.<\/li>\n<li>Tramitar encargos, solicitudes o cualquier tipo de petici\u00f3n que sea realizada por el usuario a trav\u00e9s de cualquiera de las formas de contacto que se ponen a su disposici\u00f3n en la web.<\/li>\n<li>Realizar estudios estad\u00edsticos.<\/li>\n<\/ul>\n<p>\u00a0La base legal para el tratamiento de sus datos es: el consentimiento.<\/p>\n<p>Los datos que se solicitan a trav\u00e9s de la web son obligatorios, ya que son necesarios para la prestaci\u00f3n de un servicio \u00f3ptimo al usuario. En caso de que no sean facilitados todos los datos, no garantizo que la informaci\u00f3n y servicios facilitados sean completamente ajustados a sus necesidades.<\/p>\n<p>&nbsp;<\/p>\n<p>\u00a0<b>Encargados de tratamiento<\/b><\/p>\n<p>\u00a0Para prestar servicios estrictamente necesarios para el desarrollo de la actividad, se comparten datos con los siguientes prestadores bajo sus correspondientes condiciones de privacidad:<\/p>\n<p>&nbsp;<\/p>\n<p><b>Hosting: <\/b>gpfti &#8211; Servicios Web (<a href=\"https:\/\/mantenimientowordpress.gpfti.com\" target=\"_blank\" rel=\"noopener\">https:\/\/mantenimientowordpress.gpfti.com<\/a>)<\/p>\n<p><b>Plataforma web:<\/b>\u00a0Automattic Inc., con domicilio en EEUU. M\u00e1s informaci\u00f3n en: https:\/\/es.wordpress.com\/ (Automattic Inc.). Automattic Inc. trata los datos con la finalidad de realizar sus servicios de plataforma web.<\/p>\n<p><b>Email marketing:<\/b> Los datos est\u00e1n guardados en la plataforma de email marketing de MailerLite con la direcci\u00f3n de <a href=\"mailto:news1@volvendo.net\" target=\"_blank\" rel=\"noopener\">news1@volvendo.net<\/a><span style=\"font-size: 18px;\">\u00a0<\/span><b style=\"font-size: 18px;\">\u00a0<\/b><\/p>\n<p>&nbsp;<\/p>\n<p><b>Ejercicio de sus derechos<\/b><\/p>\n<p>\u00a0Como usuario podr\u00e1s dirigir sus comunicaciones y ejercitar los derechos de acceso, rectificaci\u00f3n, cancelaci\u00f3n y oposici\u00f3n a trav\u00e9s del correo electr\u00f3nico: <a href=\"mailto:news1@volvendo.net\" target=\"_blank\" rel=\"noopener\">news1@volvendo.net<\/a>\u00a0junto con prueba v\u00e1lida en derecho, como fotocopia del D.N.I. o equivalente, indicando en el asunto \u201cProtecci\u00f3n de Datos\u201d.<\/p>\n<p>Del mismo modo, podr\u00e1s darte de baja de cualquiera de los servicios de suscripci\u00f3n facilitados\u00a0 haciendo clic en el apartado de darse de baja de todos los correos electr\u00f3nicos remitidos. Si recibe los citados correos electr\u00f3nicos es que ha dado su autorizaci\u00f3n previa, ya que no se realizan pr\u00e1cticas de SPAM.<\/p>\n<p>&nbsp;<\/p>\n<p>\u00a0<b>Aceptaci\u00f3n y consentimiento<\/b><\/p>\n<p>Declaras haber sido informado de las condiciones sobre protecci\u00f3n de datos de car\u00e1cter personal, aceptando y consintiendo el tratamiento de los mismos por parte de Ilaria Trezza en la forma y para las finalidades indicadas en esta pol\u00edtica de privacidad.<\/p>\n<p>&nbsp;<\/p>\n<p><b>Modificaci\u00f3n en la pol\u00edtica de privacidad<\/b><\/p>\n<p>\u00a0En cualquier momento puedo modificar la\u00a0presente pol\u00edtica para adaptarla a novedades legislativas o jurisprudenciales as\u00ed como a pr\u00e1cticas de la industria. En dichos supuestos, anunciar\u00e9 en esta p\u00e1gina los cambios introducidos con razonable antelaci\u00f3n a su puesta en pr\u00e1ctica.<\/p>\n<p>&nbsp;<\/p>\n<p>\u00daltima revisi\u00f3n el 03\/12\/2023<\/p>\n<\/div>\n<\/div>\n<\/div>\n<\/div>\n<\/div>\n<\/div>\n<\/div>\n<\/div>\n<\/article>\n<\/div>\n<p>[\/et_pb_text][\/et_pb_column][\/et_pb_row][\/et_pb_section]<\/p>\n","protected":false},"excerpt":{"rendered":"<p>POL\u00cdTICA DE PRIVACIDAD Esta web cumple el Reglamento (UE) 2016\/679 del Parlamento Europeo y del Consejo, de 27 de abril de 2016, relativo a la protecci\u00f3n de las personas f\u00edsicas en lo que respecta al tratamiento de datos personales y a la libre circulaci\u00f3n de estos datos y por el que se deroga la Directiva [&hellip;]<\/p>\n","protected":false},"author":3,"featured_media":0,"parent":0,"menu_order":0,"comment_status":"closed","ping_status":"closed","template":"","meta":{"_et_pb_use_builder":"on","_et_pb_old_content":"","_et_gb_content_width":"","footnotes":""},"class_list":["post-89","page","type-page","status-publish","hentry"],"yoast_head":"<!-- This site is optimized with the Yoast SEO plugin v27.5 - https:\/\/yoast.com\/product\/yoast-seo-wordpress\/ -->\n<title>Pol\u00edtica de Privacidad - VOLVENDO.NET<\/title>\n<meta name=\"robots\" content=\"index, follow, max-snippet:-1, max-image-preview:large, max-video-preview:-1\" \/>\n<link rel=\"canonical\" href=\"https:\/\/www.volvendo.net\/index.php\/politica-de-privacidad\/\" \/>\n<meta property=\"og:locale\" content=\"en_US\" \/>\n<meta property=\"og:type\" content=\"article\" \/>\n<meta property=\"og:title\" content=\"Pol\u00edtica de Privacidad - VOLVENDO.NET\" \/>\n<meta property=\"og:description\" content=\"POL\u00cdTICA DE PRIVACIDAD Esta web cumple el Reglamento (UE) 2016\/679 del Parlamento Europeo y del Consejo, de 27 de abril de 2016, relativo a la protecci\u00f3n de las personas f\u00edsicas en lo que respecta al tratamiento de datos personales y a la libre circulaci\u00f3n de estos datos y por el que se deroga la Directiva [&hellip;]\" \/>\n<meta property=\"og:url\" content=\"https:\/\/www.volvendo.net\/index.php\/politica-de-privacidad\/\" \/>\n<meta property=\"og:site_name\" content=\"VOLVENDO.NET\" \/>\n<meta property=\"article:modified_time\" content=\"2024-04-18T16:34:19+00:00\" \/>\n<meta name=\"twitter:card\" content=\"summary_large_image\" \/>\n<meta name=\"twitter:label1\" content=\"Est. reading time\" \/>\n\t<meta name=\"twitter:data1\" content=\"4 minutes\" \/>\n<script type=\"application\/ld+json\" class=\"yoast-schema-graph\">{\"@context\":\"https:\\\/\\\/schema.org\",\"@graph\":[{\"@type\":\"WebPage\",\"@id\":\"https:\\\/\\\/www.volvendo.net\\\/index.php\\\/politica-de-privacidad\\\/\",\"url\":\"https:\\\/\\\/www.volvendo.net\\\/index.php\\\/politica-de-privacidad\\\/\",\"name\":\"Pol\u00edtica de Privacidad - VOLVENDO.NET\",\"isPartOf\":{\"@id\":\"https:\\\/\\\/www.volvendo.net\\\/#website\"},\"datePublished\":\"2023-12-03T12:16:17+00:00\",\"dateModified\":\"2024-04-18T16:34:19+00:00\",\"breadcrumb\":{\"@id\":\"https:\\\/\\\/www.volvendo.net\\\/index.php\\\/politica-de-privacidad\\\/#breadcrumb\"},\"inLanguage\":\"en-US\",\"potentialAction\":[{\"@type\":\"ReadAction\",\"target\":[\"https:\\\/\\\/www.volvendo.net\\\/index.php\\\/politica-de-privacidad\\\/\"]}]},{\"@type\":\"BreadcrumbList\",\"@id\":\"https:\\\/\\\/www.volvendo.net\\\/index.php\\\/politica-de-privacidad\\\/#breadcrumb\",\"itemListElement\":[{\"@type\":\"ListItem\",\"position\":1,\"name\":\"Portada\",\"item\":\"https:\\\/\\\/www.volvendo.net\\\/\"},{\"@type\":\"ListItem\",\"position\":2,\"name\":\"Pol\u00edtica de Privacidad\"}]},{\"@type\":\"WebSite\",\"@id\":\"https:\\\/\\\/www.volvendo.net\\\/#website\",\"url\":\"https:\\\/\\\/www.volvendo.net\\\/\",\"name\":\"VOLVENDO.NET\",\"description\":\"\",\"potentialAction\":[{\"@type\":\"SearchAction\",\"target\":{\"@type\":\"EntryPoint\",\"urlTemplate\":\"https:\\\/\\\/www.volvendo.net\\\/?s={search_term_string}\"},\"query-input\":{\"@type\":\"PropertyValueSpecification\",\"valueRequired\":true,\"valueName\":\"search_term_string\"}}],\"inLanguage\":\"en-US\"}]}<\/script>\n<!-- \/ Yoast SEO plugin. -->","yoast_head_json":{"title":"Pol\u00edtica de Privacidad - VOLVENDO.NET","robots":{"index":"index","follow":"follow","max-snippet":"max-snippet:-1","max-image-preview":"max-image-preview:large","max-video-preview":"max-video-preview:-1"},"canonical":"https:\/\/www.volvendo.net\/index.php\/politica-de-privacidad\/","og_locale":"en_US","og_type":"article","og_title":"Pol\u00edtica de Privacidad - VOLVENDO.NET","og_description":"POL\u00cdTICA DE PRIVACIDAD Esta web cumple el Reglamento (UE) 2016\/679 del Parlamento Europeo y del Consejo, de 27 de abril de 2016, relativo a la protecci\u00f3n de las personas f\u00edsicas en lo que respecta al tratamiento de datos personales y a la libre circulaci\u00f3n de estos datos y por el que se deroga la Directiva [&hellip;]","og_url":"https:\/\/www.volvendo.net\/index.php\/politica-de-privacidad\/","og_site_name":"VOLVENDO.NET","article_modified_time":"2024-04-18T16:34:19+00:00","twitter_card":"summary_large_image","twitter_misc":{"Est. reading time":"4 minutes"},"schema":{"@context":"https:\/\/schema.org","@graph":[{"@type":"WebPage","@id":"https:\/\/www.volvendo.net\/index.php\/politica-de-privacidad\/","url":"https:\/\/www.volvendo.net\/index.php\/politica-de-privacidad\/","name":"Pol\u00edtica de Privacidad - VOLVENDO.NET","isPartOf":{"@id":"https:\/\/www.volvendo.net\/#website"},"datePublished":"2023-12-03T12:16:17+00:00","dateModified":"2024-04-18T16:34:19+00:00","breadcrumb":{"@id":"https:\/\/www.volvendo.net\/index.php\/politica-de-privacidad\/#breadcrumb"},"inLanguage":"en-US","potentialAction":[{"@type":"ReadAction","target":["https:\/\/www.volvendo.net\/index.php\/politica-de-privacidad\/"]}]},{"@type":"BreadcrumbList","@id":"https:\/\/www.volvendo.net\/index.php\/politica-de-privacidad\/#breadcrumb","itemListElement":[{"@type":"ListItem","position":1,"name":"Portada","item":"https:\/\/www.volvendo.net\/"},{"@type":"ListItem","position":2,"name":"Pol\u00edtica de Privacidad"}]},{"@type":"WebSite","@id":"https:\/\/www.volvendo.net\/#website","url":"https:\/\/www.volvendo.net\/","name":"VOLVENDO.NET","description":"","potentialAction":[{"@type":"SearchAction","target":{"@type":"EntryPoint","urlTemplate":"https:\/\/www.volvendo.net\/?s={search_term_string}"},"query-input":{"@type":"PropertyValueSpecification","valueRequired":true,"valueName":"search_term_string"}}],"inLanguage":"en-US"}]}},"_links":{"self":[{"href":"https:\/\/www.volvendo.net\/index.php\/wp-json\/wp\/v2\/pages\/89","targetHints":{"allow":["GET"]}}],"collection":[{"href":"https:\/\/www.volvendo.net\/index.php\/wp-json\/wp\/v2\/pages"}],"about":[{"href":"https:\/\/www.volvendo.net\/index.php\/wp-json\/wp\/v2\/types\/page"}],"author":[{"embeddable":true,"href":"https:\/\/www.volvendo.net\/index.php\/wp-json\/wp\/v2\/users\/3"}],"replies":[{"embeddable":true,"href":"https:\/\/www.volvendo.net\/index.php\/wp-json\/wp\/v2\/comments?post=89"}],"version-history":[{"count":7,"href":"https:\/\/www.volvendo.net\/index.php\/wp-json\/wp\/v2\/pages\/89\/revisions"}],"predecessor-version":[{"id":1167,"href":"https:\/\/www.volvendo.net\/index.php\/wp-json\/wp\/v2\/pages\/89\/revisions\/1167"}],"wp:attachment":[{"href":"https:\/\/www.volvendo.net\/index.php\/wp-json\/wp\/v2\/media?parent=89"}],"curies":[{"name":"wp","href":"https:\/\/api.w.org\/{rel}","templated":true}]}}